{"id":69,"date":"2023-09-15T17:09:06","date_gmt":"2023-09-15T15:09:06","guid":{"rendered":"http:\/\/scppstrecno.sk\/?page_id=69"},"modified":"2024-04-03T19:33:27","modified_gmt":"2024-04-03T17:33:27","slug":"kontakt","status":"publish","type":"page","link":"https:\/\/scppstrecno.sk\/?page_id=69","title":{"rendered":"Kontakt"},"content":{"rendered":"<p>[et_pb_section fb_built=&#8220;1&#8243; admin_label=&#8220;Header&#8220; _builder_version=&#8220;4.16&#8243; background_image=&#8220;http:\/\/scppstrecno.sk\/wp-content\/uploads\/2023\/09\/interpreter-65.png&#8220; background_position=&#8220;bottom_center&#8220; custom_padding=&#8220;69px||8vw||false|false&#8220; global_colors_info=&#8220;{}&#8220;][\/et_pb_section][et_pb_section fb_built=&#8220;1&#8243; admin_label=&#8220;Contact Info&#8220; _builder_version=&#8220;4.16&#8243; background_image=&#8220;http:\/\/scppstrecno.sk\/wp-content\/uploads\/2023\/09\/interpreter-66.png&#8220; background_size=&#8220;contain&#8220; background_position=&#8220;center_left&#8220; custom_margin=&#8220;-226px|||||&#8220; global_colors_info=&#8220;{}&#8220;][et_pb_row custom_padding_last_edited=&#8220;on|tablet&#8220; _builder_version=&#8220;4.22.1&#8243; background_image=&#8220;http:\/\/scppstrecno.sk\/wp-content\/uploads\/2023\/09\/blob-shape-2-1.png&#8220; transform_scale_last_edited=&#8220;off|desktop&#8220; transform_translate_last_edited=&#8220;off|desktop&#8220; transform_rotate_last_edited=&#8220;off|desktop&#8220; transform_skew_last_edited=&#8220;off|desktop&#8220; transform_origin_last_edited=&#8220;off|desktop&#8220; transform_styles_last_edited=&#8220;off|desktop&#8220; custom_margin=&#8220;110px|auto||auto||&#8220; custom_padding=&#8220;46px|100px|3px|100px|false|true&#8220; custom_padding_tablet=&#8220;10px|40px|10px|40px|true|true&#8220; custom_padding_phone=&#8220;0px|0px|0px|0px|true|true&#8220; global_colors_info=&#8220;{}&#8220; transform_styles__hover_enabled=&#8220;on|hover&#8220; transform_scale__hover_enabled=&#8220;on|hover&#8220; transform_translate__hover_enabled=&#8220;on|desktop&#8220; transform_rotate__hover_enabled=&#8220;on|desktop&#8220; transform_skew__hover_enabled=&#8220;on|desktop&#8220; transform_origin__hover_enabled=&#8220;on|desktop&#8220;][et_pb_column type=&#8220;4_4&#8243; _builder_version=&#8220;4.16&#8243; global_colors_info=&#8220;{}&#8220;][et_pb_text _builder_version=&#8220;4.22.1&#8243; text_font=&#8220;PT Sans||||||||&#8220; text_text_color=&#8220;#62748a&#8220; text_font_size=&#8220;16px&#8220; text_line_height=&#8220;1.8em&#8220; header_2_font=&#8220;Playfair Display|700|||||||&#8220; header_2_text_color=&#8220;#2a3749&#8243; header_2_font_size=&#8220;50px&#8220; header_2_line_height=&#8220;1.3em&#8220; text_orientation=&#8220;center&#8220; max_width=&#8220;600px&#8220; module_alignment=&#8220;center&#8220; header_2_font_size_tablet=&#8220;32px&#8220; header_2_font_size_phone=&#8220;24px&#8220; header_2_font_size_last_edited=&#8220;on|phone&#8220; locked=&#8220;off&#8220; inline_fonts=&#8220;Rubik&#8220; global_colors_info=&#8220;{}&#8220;]<\/p>\n<h2><strong><span style=\"font-family: Rubik;\">Kontaktujte n\u00e1s!<\/span><\/strong><\/h2>\n<p>&nbsp;<\/p>\n<p>[\/et_pb_text][et_pb_contact_form captcha=&#8220;off&#8220; email=&#8220;gasperbenedikt@gmail.com&#8220; success_message=&#8220;Va\u0161a spr\u00e1va bola odoslan\u00e1!&#8220; submit_button_text=&#8220;ODOSLA\u0164&#8220; disabled_on=&#8220;on|on|on&#8220; _builder_version=&#8220;4.22.1&#8243; _module_preset=&#8220;default&#8220; _unique_id=&#8220;e4ff503f-834a-455b-bf8f-700d62ec8ebe&#8220; form_field_background_color=&#8220;rgba(0,0,0,0.04)&#8220; custom_button=&#8220;on&#8220; button_text_size=&#8220;19px&#8220; button_text_color=&#8220;#FFFFFF&#8220; button_bg_color=&#8220;#eab49f&#8220; button_border_width=&#8220;0px&#8220; button_border_color=&#8220;#0C71C3&#8243; button_border_radius=&#8220;85px&#8220; button_letter_spacing=&#8220;1px&#8220; button_font=&#8220;PT Sans|||on|||||&#8220; button_icon=&#8220;&#xf1d8;||fa||900&#8243; button_custom_margin=&#8220;0px|92px||0px|false|false&#8220; button_custom_padding=&#8220;2px||2px||false|false&#8220; box_shadow_style_button=&#8220;preset1&#8243; disabled=&#8220;on&#8220; global_colors_info=&#8220;{}&#8220;][et_pb_contact_field field_id=&#8220;Name&#8220; field_title=&#8220;Meno&#8220; _builder_version=&#8220;4.16&#8243; global_colors_info=&#8220;{}&#8220; button_text_size__hover_enabled=&#8220;off&#8220; button_one_text_size__hover_enabled=&#8220;off&#8220; button_two_text_size__hover_enabled=&#8220;off&#8220; button_text_color__hover_enabled=&#8220;off&#8220; button_one_text_color__hover_enabled=&#8220;off&#8220; button_two_text_color__hover_enabled=&#8220;off&#8220; button_border_width__hover_enabled=&#8220;off&#8220; button_one_border_width__hover_enabled=&#8220;off&#8220; button_two_border_width__hover_enabled=&#8220;off&#8220; button_border_color__hover_enabled=&#8220;off&#8220; button_one_border_color__hover_enabled=&#8220;off&#8220; button_two_border_color__hover_enabled=&#8220;off&#8220; button_border_radius__hover_enabled=&#8220;off&#8220; button_one_border_radius__hover_enabled=&#8220;off&#8220; button_two_border_radius__hover_enabled=&#8220;off&#8220; button_letter_spacing__hover_enabled=&#8220;off&#8220; button_one_letter_spacing__hover_enabled=&#8220;off&#8220; button_two_letter_spacing__hover_enabled=&#8220;off&#8220; button_bg_color__hover_enabled=&#8220;off&#8220; button_one_bg_color__hover_enabled=&#8220;off&#8220; button_two_bg_color__hover_enabled=&#8220;off&#8220;][\/et_pb_contact_field][et_pb_contact_field field_id=&#8220;Email&#8220; field_title=&#8220;E-mailov\u00e1 adresa&#8220; field_type=&#8220;email&#8220; _builder_version=&#8220;4.22.1&#8243; global_colors_info=&#8220;{}&#8220; button_text_size__hover_enabled=&#8220;off&#8220; button_one_text_size__hover_enabled=&#8220;off&#8220; button_two_text_size__hover_enabled=&#8220;off&#8220; button_text_color__hover_enabled=&#8220;off&#8220; button_one_text_color__hover_enabled=&#8220;off&#8220; button_two_text_color__hover_enabled=&#8220;off&#8220; button_border_width__hover_enabled=&#8220;off&#8220; button_one_border_width__hover_enabled=&#8220;off&#8220; button_two_border_width__hover_enabled=&#8220;off&#8220; button_border_color__hover_enabled=&#8220;off&#8220; button_one_border_color__hover_enabled=&#8220;off&#8220; button_two_border_color__hover_enabled=&#8220;off&#8220; button_border_radius__hover_enabled=&#8220;off&#8220; button_one_border_radius__hover_enabled=&#8220;off&#8220; button_two_border_radius__hover_enabled=&#8220;off&#8220; button_letter_spacing__hover_enabled=&#8220;off&#8220; button_one_letter_spacing__hover_enabled=&#8220;off&#8220; button_two_letter_spacing__hover_enabled=&#8220;off&#8220; button_bg_color__hover_enabled=&#8220;off&#8220; button_one_bg_color__hover_enabled=&#8220;off&#8220; button_two_bg_color__hover_enabled=&#8220;off&#8220;][\/et_pb_contact_field][et_pb_contact_field field_id=&#8220;Message&#8220; field_title=&#8220;Spr\u00e1va&#8220; field_type=&#8220;text&#8220; _builder_version=&#8220;4.22.1&#8243; global_colors_info=&#8220;{}&#8220; button_text_size__hover_enabled=&#8220;off&#8220; button_one_text_size__hover_enabled=&#8220;off&#8220; button_two_text_size__hover_enabled=&#8220;off&#8220; button_text_color__hover_enabled=&#8220;off&#8220; button_one_text_color__hover_enabled=&#8220;off&#8220; button_two_text_color__hover_enabled=&#8220;off&#8220; button_border_width__hover_enabled=&#8220;off&#8220; button_one_border_width__hover_enabled=&#8220;off&#8220; button_two_border_width__hover_enabled=&#8220;off&#8220; button_border_color__hover_enabled=&#8220;off&#8220; button_one_border_color__hover_enabled=&#8220;off&#8220; button_two_border_color__hover_enabled=&#8220;off&#8220; button_border_radius__hover_enabled=&#8220;off&#8220; button_one_border_radius__hover_enabled=&#8220;off&#8220; button_two_border_radius__hover_enabled=&#8220;off&#8220; button_letter_spacing__hover_enabled=&#8220;off&#8220; button_one_letter_spacing__hover_enabled=&#8220;off&#8220; button_two_letter_spacing__hover_enabled=&#8220;off&#8220; button_bg_color__hover_enabled=&#8220;off&#8220; button_one_bg_color__hover_enabled=&#8220;off&#8220; button_two_bg_color__hover_enabled=&#8220;off&#8220;][\/et_pb_contact_field][\/et_pb_contact_form][\/et_pb_column][\/et_pb_row][et_pb_row column_structure=&#8220;1_4,1_4,1_4,1_4&#8243; _builder_version=&#8220;4.22.1&#8243; custom_padding=&#8220;||80px|||&#8220; locked=&#8220;off&#8220; global_colors_info=&#8220;{}&#8220;][et_pb_column type=&#8220;1_4&#8243; _builder_version=&#8220;4.22.1&#8243; background_color=&#8220;#ffffff&#8220; custom_padding=&#8220;40px|20px|40px|20px|true|true&#8220; border_radii=&#8220;on|24px|24px|24px|24px&#8220; box_shadow_style=&#8220;preset3&#8243; box_shadow_vertical=&#8220;32px&#8220; box_shadow_blur=&#8220;52px&#8220; box_shadow_spread=&#8220;0px&#8220; box_shadow_color=&#8220;rgba(26,48,102,0.1)&#8220; global_colors_info=&#8220;{}&#8220;][et_pb_blurb title=&#8220;Email&#8220; url=&#8220;https:\/\/mail.google.com\/mail\/u\/0\/#inbox?compose=new&#8220; url_new_window=&#8220;on&#8220; image=&#8220;http:\/\/scppstrecno.sk\/wp-content\/uploads\/2023\/09\/interpreter-icon-30.png&#8220; _builder_version=&#8220;4.22.1&#8243; header_font=&#8220;Rubik|500|||||||&#8220; header_text_color=&#8220;#1a3066&#8243; header_font_size=&#8220;18px&#8220; header_line_height=&#8220;1.2em&#8220; body_font=&#8220;Rubik||||||||&#8220; body_line_height=&#8220;1.6em&#8220; body_link_text_color=&#8220;#666666&#8243; text_orientation=&#8220;center&#8220; hover_enabled=&#8220;0&#8243; global_colors_info=&#8220;{}&#8220; sticky_enabled=&#8220;0&#8243;]<\/p>\n<p><span style=\"color: #3366ff;\">cpp.strecno@gmail.com<\/span><\/p>\n<p>[\/et_pb_blurb][\/et_pb_column][et_pb_column type=&#8220;1_4&#8243; _builder_version=&#8220;4.16&#8243; background_color=&#8220;#ffffff&#8220; custom_padding=&#8220;40px|20px|40px|20px|true|true&#8220; border_radii=&#8220;on|24px|24px|24px|24px&#8220; box_shadow_style=&#8220;preset3&#8243; box_shadow_vertical=&#8220;32px&#8220; box_shadow_blur=&#8220;52px&#8220; box_shadow_spread=&#8220;0px&#8220; box_shadow_color=&#8220;rgba(26,48,102,0.1)&#8220; global_colors_info=&#8220;{}&#8220;][et_pb_blurb title=&#8220;Telef\u00f3n&#8220; image=&#8220;http:\/\/scppstrecno.sk\/wp-content\/uploads\/2023\/09\/interpreter-icon-31.png&#8220; _builder_version=&#8220;4.22.1&#8243; header_font=&#8220;Rubik|500|||||||&#8220; header_text_color=&#8220;#1a3066&#8243; header_font_size=&#8220;18px&#8220; header_line_height=&#8220;1.2em&#8220; body_font=&#8220;Rubik||||||||&#8220; body_line_height=&#8220;1.6em&#8220; text_orientation=&#8220;center&#8220; locked=&#8220;off&#8220; global_colors_info=&#8220;{}&#8220;]<\/p>\n<p><span style=\"color: #3366ff;\"><a href=\"tel:123456789\" style=\"color: #3366ff;\">+421 918 043 690<\/a><\/span><\/p>\n<p>[\/et_pb_blurb][\/et_pb_column][et_pb_column type=&#8220;1_4&#8243; _builder_version=&#8220;4.22.1&#8243; _module_preset=&#8220;default&#8220; background_color=&#8220;#FFFFFF&#8220; global_colors_info=&#8220;{}&#8220;][et_pb_blurb title=&#8220;Adresa ter\u00e9nnej kancel\u00e1rie&#8220; url_new_window=&#8220;on&#8220; image=&#8220;http:\/\/scppstrecno.sk\/wp-content\/uploads\/2023\/09\/interpreter-icon-32.png&#8220; _builder_version=&#8220;4.22.1&#8243; header_font=&#8220;Rubik|500|||||||&#8220; header_text_color=&#8220;#1a3066&#8243; header_font_size=&#8220;18px&#8220; header_line_height=&#8220;1.2em&#8220; body_font=&#8220;Rubik||||||||&#8220; body_line_height=&#8220;1.6em&#8220; background_color=&#8220;#FFFFFF&#8220; text_orientation=&#8220;center&#8220; custom_margin=&#8220;||-37px|||&#8220; filter_brightness=&#8220;102%&#8220; filter_invert=&#8220;-2%&#8220; link_option_url_new_window=&#8220;on&#8220; border_radii=&#8220;on|24px|24px|24px|24px&#8220; border_color_all=&#8220;#FFFFFF&#8220; box_shadow_style=&#8220;preset3&#8243; box_shadow_spread=&#8220;-10px&#8220; locked=&#8220;off&#8220; global_colors_info=&#8220;{}&#8220;]<\/p>\n<p><span style=\"color: #3366ff;\"><a href=\"https:\/\/maps.app.goo.gl\/WRHYzxnNGGomBM8x6\" style=\"color: #3366ff;\" target=\"_blank\" rel=\"noopener\">Ul. Republiky 8, 010 01 \u017dilina<\/a><\/span><\/p>\n<p>Priestor zria\u010fovate\u013ea<\/p>\n<p><span style=\"color: #3366ff;\"><a href=\"https:\/\/maps.app.goo.gl\/pLuFNe4yjSBM5GRy7\" style=\"color: #3366ff;\" target=\"_blank\" rel=\"noopener\">M. R. \u0160tef\u00e1nika 34, \u017dilina<\/a><\/span><\/p>\n<p>&nbsp;<\/p>\n<p>[\/et_pb_blurb][\/et_pb_column][et_pb_column type=&#8220;1_4&#8243; _builder_version=&#8220;4.22.1&#8243; _module_preset=&#8220;default&#8220; global_colors_info=&#8220;{}&#8220;][et_pb_blurb title=&#8220;S\u00eddlo&#8220; url=&#8220;https:\/\/maps.app.goo.gl\/GZRTML8zA34AAm6BA&#8220; url_new_window=&#8220;on&#8220; image=&#8220;http:\/\/scppstrecno.sk\/wp-content\/uploads\/2023\/09\/interpreter-icon-32.png&#8220; _builder_version=&#8220;4.22.1&#8243; header_font=&#8220;Rubik|500|||||||&#8220; header_text_color=&#8220;#1a3066&#8243; header_font_size=&#8220;18px&#8220; header_line_height=&#8220;1.2em&#8220; body_font=&#8220;Rubik||||||||&#8220; body_line_height=&#8220;1.6em&#8220; background_color=&#8220;#FFFFFF&#8220; text_orientation=&#8220;center&#8220; min_height=&#8220;233px&#8220; custom_margin=&#8220;19px||-37px|||&#8220; custom_padding=&#8220;28px|||||&#8220; border_radii=&#8220;on|24px|24px|24px|24px&#8220; border_color_all=&#8220;#FFFFFF&#8220; box_shadow_style=&#8220;preset3&#8243; locked=&#8220;off&#8220; global_colors_info=&#8220;{}&#8220;]<\/p>\n<p><span style=\"color: #3366ff;\"><a href=\"https:\/\/maps.app.goo.gl\/GZRTML8zA34AAm6BA\" style=\"color: #3366ff;\" target=\"_blank\" rel=\"noopener\"><span class=\"OYPEnA text-decoration-none text-strikethrough-none\">Ul. Ml\u00e1de\u017ee 289\/1, Stre\u010dno<\/span><\/a><\/span><\/p>\n<p>&nbsp;<\/p>\n<p>[\/et_pb_blurb][\/et_pb_column][\/et_pb_row][et_pb_row disabled_on=&#8220;on|on|on&#8220; _builder_version=&#8220;4.16&#8243; custom_padding=&#8220;0px||0px||true|false&#8220; box_shadow_style=&#8220;preset3&#8243; box_shadow_vertical=&#8220;32px&#8220; box_shadow_blur=&#8220;52px&#8220; box_shadow_spread=&#8220;0px&#8220; box_shadow_color=&#8220;rgba(26,48,102,0.1)&#8220; disabled=&#8220;on&#8220; global_colors_info=&#8220;{}&#8220;][et_pb_column type=&#8220;4_4&#8243; _builder_version=&#8220;4.16&#8243; global_colors_info=&#8220;{}&#8220;][et_pb_map address=&#8220;San Francisco, CA, USA&#8220; zoom_level=&#8220;15&#8243; address_lat=&#8220;37.7749295&#8243; address_lng=&#8220;-122.4194155&#8243; mouse_wheel=&#8220;off&#8220; mobile_dragging=&#8220;off&#8220; _builder_version=&#8220;4.22.1&#8243; global_colors_info=&#8220;{}&#8220;][et_pb_map_pin pin_address=&#8220;San Francisco, CA, USA&#8220; pin_address_lat=&#8220;37.7749295&#8243; pin_address_lng=&#8220;-122.4194155&#8243; _builder_version=&#8220;4.4.4&#8243; global_colors_info=&#8220;{}&#8220;][\/et_pb_map_pin][\/et_pb_map][\/et_pb_column][\/et_pb_row][\/et_pb_section][et_pb_section fb_built=&#8220;1&#8243; custom_padding_last_edited=&#8220;off|tablet&#8220; admin_label=&#8220;Footer&#8220; _builder_version=&#8220;4.22.1&#8243; background_size=&#8220;contain&#8220; background_position=&#8220;bottom_center&#8220; custom_margin=&#8220;||-7px|||&#8220; custom_padding=&#8220;19px||4vw||false|false&#8220; custom_padding_tablet=&#8220;||||false|false&#8220; global_colors_info=&#8220;{}&#8220;][\/et_pb_section]<\/p>\n","protected":false},"excerpt":{"rendered":"<p>Kontaktujte n\u00e1s! &nbsp;cpp.strecno@gmail.com+421 918 043 690Ul. Republiky 8, 010 01 \u017dilina Priestor zria\u010fovate\u013ea M. R. \u0160tef\u00e1nika 34, \u017dilina &nbsp;Ul. Ml\u00e1de\u017ee 289\/1, Stre\u010dno &nbsp;<\/p>\n","protected":false},"author":1,"featured_media":0,"parent":0,"menu_order":0,"comment_status":"closed","ping_status":"closed","template":"","meta":{"_et_pb_use_builder":"on","_et_pb_old_content":"<!-- wp:divi\/placeholder \/-->","_et_gb_content_width":"","_monsterinsights_skip_tracking":false,"_monsterinsights_sitenote_active":false,"_monsterinsights_sitenote_note":"","_monsterinsights_sitenote_category":0,"footnotes":""},"yoast_head":"<!-- This site is optimized with the Yoast SEO plugin v21.1 - https:\/\/yoast.com\/wordpress\/plugins\/seo\/ -->\n<title>Kontakt - Centrum Poradenstva a Prevencie Stre\u010dno<\/title>\n<meta name=\"description\" content=\"Kontaktujte n\u00e1s a zdie\u013eajte svoje ot\u00e1zky alebo potrebu pre individu\u00e1lne poradenstvo. Sme tu pre v\u00e1s, aby sme poskytli podporu.\" \/>\n<meta name=\"robots\" content=\"index, follow, max-snippet:-1, max-image-preview:large, max-video-preview:-1\" \/>\n<link rel=\"canonical\" href=\"https:\/\/scppstrecno.sk\/?page_id=69\" \/>\n<meta property=\"og:locale\" content=\"sk_SK\" \/>\n<meta property=\"og:type\" content=\"article\" \/>\n<meta property=\"og:title\" content=\"Kontakt - Centrum Poradenstva a Prevencie Stre\u010dno\" \/>\n<meta property=\"og:description\" content=\"Kontaktujte n\u00e1s a zdie\u013eajte svoje ot\u00e1zky alebo potrebu pre individu\u00e1lne poradenstvo. Sme tu pre v\u00e1s, aby sme poskytli podporu.\" \/>\n<meta property=\"og:url\" content=\"https:\/\/scppstrecno.sk\/?page_id=69\" \/>\n<meta property=\"og:site_name\" content=\"scppstrecno.sk\" \/>\n<meta property=\"article:modified_time\" content=\"2024-04-03T17:33:27+00:00\" \/>\n<meta name=\"twitter:card\" content=\"summary_large_image\" \/>\n<meta name=\"twitter:label1\" content=\"Predpokladan\u00fd \u010das \u010d\u00edtania\" \/>\n\t<meta name=\"twitter:data1\" content=\"2 min\u00faty\" \/>\n<script type=\"application\/ld+json\" class=\"yoast-schema-graph\">{\"@context\":\"https:\/\/schema.org\",\"@graph\":[{\"@type\":\"WebPage\",\"@id\":\"https:\/\/scppstrecno.sk\/?page_id=69\",\"url\":\"https:\/\/scppstrecno.sk\/?page_id=69\",\"name\":\"Kontakt - Centrum Poradenstva a Prevencie Stre\u010dno\",\"isPartOf\":{\"@id\":\"https:\/\/scppstrecno.sk\/#website\"},\"datePublished\":\"2023-09-15T15:09:06+00:00\",\"dateModified\":\"2024-04-03T17:33:27+00:00\",\"description\":\"Kontaktujte n\u00e1s a zdie\u013eajte svoje ot\u00e1zky alebo potrebu pre individu\u00e1lne poradenstvo. Sme tu pre v\u00e1s, aby sme poskytli podporu.\",\"breadcrumb\":{\"@id\":\"https:\/\/scppstrecno.sk\/?page_id=69#breadcrumb\"},\"inLanguage\":\"sk-SK\",\"potentialAction\":[{\"@type\":\"ReadAction\",\"target\":[\"https:\/\/scppstrecno.sk\/?page_id=69\"]}]},{\"@type\":\"BreadcrumbList\",\"@id\":\"https:\/\/scppstrecno.sk\/?page_id=69#breadcrumb\",\"itemListElement\":[{\"@type\":\"ListItem\",\"position\":1,\"name\":\"Home\",\"item\":\"https:\/\/scppstrecno.sk\/\"},{\"@type\":\"ListItem\",\"position\":2,\"name\":\"Kontakt\"}]},{\"@type\":\"WebSite\",\"@id\":\"https:\/\/scppstrecno.sk\/#website\",\"url\":\"https:\/\/scppstrecno.sk\/\",\"name\":\"scppstrecno.sk\",\"description\":\"\",\"potentialAction\":[{\"@type\":\"SearchAction\",\"target\":{\"@type\":\"EntryPoint\",\"urlTemplate\":\"https:\/\/scppstrecno.sk\/?s={search_term_string}\"},\"query-input\":\"required name=search_term_string\"}],\"inLanguage\":\"sk-SK\"}]}<\/script>\n<!-- \/ Yoast SEO plugin. -->","yoast_head_json":{"title":"Kontakt - Centrum Poradenstva a Prevencie Stre\u010dno","description":"Kontaktujte n\u00e1s a zdie\u013eajte svoje ot\u00e1zky alebo potrebu pre individu\u00e1lne poradenstvo. Sme tu pre v\u00e1s, aby sme poskytli podporu.","robots":{"index":"index","follow":"follow","max-snippet":"max-snippet:-1","max-image-preview":"max-image-preview:large","max-video-preview":"max-video-preview:-1"},"canonical":"https:\/\/scppstrecno.sk\/?page_id=69","og_locale":"sk_SK","og_type":"article","og_title":"Kontakt - Centrum Poradenstva a Prevencie Stre\u010dno","og_description":"Kontaktujte n\u00e1s a zdie\u013eajte svoje ot\u00e1zky alebo potrebu pre individu\u00e1lne poradenstvo. Sme tu pre v\u00e1s, aby sme poskytli podporu.","og_url":"https:\/\/scppstrecno.sk\/?page_id=69","og_site_name":"scppstrecno.sk","article_modified_time":"2024-04-03T17:33:27+00:00","twitter_card":"summary_large_image","twitter_misc":{"Predpokladan\u00fd \u010das \u010d\u00edtania":"2 min\u00faty"},"schema":{"@context":"https:\/\/schema.org","@graph":[{"@type":"WebPage","@id":"https:\/\/scppstrecno.sk\/?page_id=69","url":"https:\/\/scppstrecno.sk\/?page_id=69","name":"Kontakt - Centrum Poradenstva a Prevencie Stre\u010dno","isPartOf":{"@id":"https:\/\/scppstrecno.sk\/#website"},"datePublished":"2023-09-15T15:09:06+00:00","dateModified":"2024-04-03T17:33:27+00:00","description":"Kontaktujte n\u00e1s a zdie\u013eajte svoje ot\u00e1zky alebo potrebu pre individu\u00e1lne poradenstvo. Sme tu pre v\u00e1s, aby sme poskytli podporu.","breadcrumb":{"@id":"https:\/\/scppstrecno.sk\/?page_id=69#breadcrumb"},"inLanguage":"sk-SK","potentialAction":[{"@type":"ReadAction","target":["https:\/\/scppstrecno.sk\/?page_id=69"]}]},{"@type":"BreadcrumbList","@id":"https:\/\/scppstrecno.sk\/?page_id=69#breadcrumb","itemListElement":[{"@type":"ListItem","position":1,"name":"Home","item":"https:\/\/scppstrecno.sk\/"},{"@type":"ListItem","position":2,"name":"Kontakt"}]},{"@type":"WebSite","@id":"https:\/\/scppstrecno.sk\/#website","url":"https:\/\/scppstrecno.sk\/","name":"scppstrecno.sk","description":"","potentialAction":[{"@type":"SearchAction","target":{"@type":"EntryPoint","urlTemplate":"https:\/\/scppstrecno.sk\/?s={search_term_string}"},"query-input":"required name=search_term_string"}],"inLanguage":"sk-SK"}]}},"_links":{"self":[{"href":"https:\/\/scppstrecno.sk\/index.php?rest_route=\/wp\/v2\/pages\/69"}],"collection":[{"href":"https:\/\/scppstrecno.sk\/index.php?rest_route=\/wp\/v2\/pages"}],"about":[{"href":"https:\/\/scppstrecno.sk\/index.php?rest_route=\/wp\/v2\/types\/page"}],"author":[{"embeddable":true,"href":"https:\/\/scppstrecno.sk\/index.php?rest_route=\/wp\/v2\/users\/1"}],"replies":[{"embeddable":true,"href":"https:\/\/scppstrecno.sk\/index.php?rest_route=%2Fwp%2Fv2%2Fcomments&post=69"}],"version-history":[{"count":6,"href":"https:\/\/scppstrecno.sk\/index.php?rest_route=\/wp\/v2\/pages\/69\/revisions"}],"predecessor-version":[{"id":1205,"href":"https:\/\/scppstrecno.sk\/index.php?rest_route=\/wp\/v2\/pages\/69\/revisions\/1205"}],"wp:attachment":[{"href":"https:\/\/scppstrecno.sk\/index.php?rest_route=%2Fwp%2Fv2%2Fmedia&parent=69"}],"curies":[{"name":"wp","href":"https:\/\/api.w.org\/{rel}","templated":true}]}}