{"id":67,"date":"2023-09-15T17:08:43","date_gmt":"2023-09-15T15:08:43","guid":{"rendered":"http:\/\/scppstrecno.sk\/?page_id=67"},"modified":"2023-10-09T16:03:58","modified_gmt":"2023-10-09T14:03:58","slug":"psychologicke-poradenstvo-a-prevencia","status":"publish","type":"page","link":"https:\/\/scppstrecno.sk\/?page_id=67","title":{"rendered":"Novinky"},"content":{"rendered":"\n\n[et_pb_section fb_built=&#8220;1&#8243; admin_label=&#8220;Blog&#8220; _builder_version=&#8220;4.16&#8243; global_colors_info=&#8220;{}&#8220;][et_pb_row use_custom_gutter=&#8220;on&#8220; gutter_width=&#8220;2&#8243; make_equal=&#8220;on&#8220; _builder_version=&#8220;4.16&#8243; custom_margin=&#8220;|auto|-82px|auto||&#8220; custom_padding=&#8220;7px|||||&#8220; global_colors_info=&#8220;{}&#8220;][et_pb_column type=&#8220;4_4&#8243; _builder_version=&#8220;4.16&#8243; global_colors_info=&#8220;{}&#8220;][\/et_pb_column][\/et_pb_row][et_pb_row use_custom_gutter=&#8220;on&#8220; gutter_width=&#8220;2&#8243; make_equal=&#8220;on&#8220; _builder_version=&#8220;4.22.1&#8243; custom_margin=&#8220;1px|auto||auto||&#8220; global_colors_info=&#8220;{}&#8220;][et_pb_column type=&#8220;4_4&#8243; _builder_version=&#8220;4.16&#8243; custom_padding=&#8220;30px|30px|30px|30px|true|true&#8220; custom_padding_tablet=&#8220;&#8220; custom_padding_phone=&#8220;20px|20px|20px|20px|true|true&#8220; custom_padding_last_edited=&#8220;on|phone&#8220; border_radii=&#8220;on|24px|24px|24px|24px&#8220; box_shadow_style=&#8220;preset3&#8243; box_shadow_vertical=&#8220;32px&#8220; box_shadow_blur=&#8220;52px&#8220; box_shadow_spread=&#8220;0px&#8220; box_shadow_color=&#8220;rgba(26,48,102,0.1)&#8220; global_colors_info=&#8220;{}&#8220;][et_pb_blog posts_number=&#8220;1&#8243; include_categories=&#8220;all&#8220; show_author=&#8220;off&#8220; show_categories=&#8220;off&#8220; show_pagination=&#8220;off&#8220; _builder_version=&#8220;4.22.1&#8243; header_font=&#8220;Rubik|500||on|||||&#8220; header_text_color=&#8220;#1A3066&#8243; header_font_size=&#8220;20px&#8220; header_line_height=&#8220;1.3em&#8220; body_font=&#8220;Rubik||||||||&#8220; body_text_color=&#8220;#546681&#8243; body_line_height=&#8220;2em&#8220; meta_font=&#8220;Rubik|||on|||||&#8220; meta_text_color=&#8220;#000000&#8243; meta_line_height=&#8220;1em&#8220; read_more_font=&#8220;Rubik|500||on|||||&#8220; read_more_text_color=&#8220;#0C71C3&#8243; read_more_font_size=&#8220;13px&#8220; read_more_letter_spacing=&#8220;1px&#8220; read_more_line_height=&#8220;2em&#8220; pagination_font=&#8220;Rubik|500|||||||&#8220; pagination_text_color=&#8220;#546681&#8243; pagination_font_size=&#8220;16px&#8220; pagination_line_height=&#8220;2em&#8220; transform_scale=&#8220;96%|96%&#8220; custom_margin=&#8220;||-60px||false|false&#8220; hover_enabled=&#8220;0&#8243; header_font_size_tablet=&#8220;&#8220; header_font_size_phone=&#8220;16px&#8220; header_font_size_last_edited=&#8220;on|desktop&#8220; border_width_all=&#8220;0px&#8220; locked=&#8220;off&#8220; global_colors_info=&#8220;{}&#8220; show_thumbnail=&#8220;off&#8220; fullwidth=&#8220;off&#8220; sticky_enabled=&#8220;0&#8243;][\/et_pb_blog][\/et_pb_column][\/et_pb_row][\/et_pb_section]\n\n","protected":false},"excerpt":{"rendered":"","protected":false},"author":1,"featured_media":0,"parent":0,"menu_order":0,"comment_status":"closed","ping_status":"closed","template":"","meta":{"_et_pb_use_builder":"on","_et_pb_old_content":"<!-- wp:divi\/placeholder \/-->","_et_gb_content_width":"","_monsterinsights_skip_tracking":false,"_monsterinsights_sitenote_active":false,"_monsterinsights_sitenote_note":"","_monsterinsights_sitenote_category":0,"footnotes":""},"yoast_head":"<!-- This site is optimized with the Yoast SEO plugin v21.1 - https:\/\/yoast.com\/wordpress\/plugins\/seo\/ -->\n<title>Novinky - Centrum Poradenstva a Prevencie Stre\u010dno<\/title>\n<meta name=\"description\" content=\"Nezme\u0161kajte na\u0161e pravideln\u00e9 aktualiz\u00e1cie, ktor\u00e9 v\u00e1m pom\u00f4\u017eu lep\u0161ie porozumie\u0165 r\u00f4znym aspektom va\u0161eho fyzick\u00e9ho a du\u0161evn\u00e9ho zdravia.\" \/>\n<meta name=\"robots\" content=\"index, follow, max-snippet:-1, max-image-preview:large, max-video-preview:-1\" \/>\n<link rel=\"canonical\" href=\"https:\/\/scppstrecno.sk\/?page_id=67\" \/>\n<meta property=\"og:locale\" content=\"sk_SK\" \/>\n<meta property=\"og:type\" content=\"article\" \/>\n<meta property=\"og:title\" content=\"Novinky - Centrum Poradenstva a Prevencie Stre\u010dno\" \/>\n<meta property=\"og:description\" content=\"Nezme\u0161kajte na\u0161e pravideln\u00e9 aktualiz\u00e1cie, ktor\u00e9 v\u00e1m pom\u00f4\u017eu lep\u0161ie porozumie\u0165 r\u00f4znym aspektom va\u0161eho fyzick\u00e9ho a du\u0161evn\u00e9ho zdravia.\" \/>\n<meta property=\"og:url\" content=\"https:\/\/scppstrecno.sk\/?page_id=67\" \/>\n<meta property=\"og:site_name\" content=\"scppstrecno.sk\" \/>\n<meta property=\"article:modified_time\" content=\"2023-10-09T14:03:58+00:00\" \/>\n<meta name=\"twitter:card\" content=\"summary_large_image\" \/>\n<meta name=\"twitter:label1\" content=\"Predpokladan\u00fd \u010das \u010d\u00edtania\" \/>\n\t<meta name=\"twitter:data1\" content=\"1 min\u00fata\" \/>\n<script type=\"application\/ld+json\" class=\"yoast-schema-graph\">{\"@context\":\"https:\/\/schema.org\",\"@graph\":[{\"@type\":\"WebPage\",\"@id\":\"https:\/\/scppstrecno.sk\/?page_id=67\",\"url\":\"https:\/\/scppstrecno.sk\/?page_id=67\",\"name\":\"Novinky - Centrum Poradenstva a Prevencie Stre\u010dno\",\"isPartOf\":{\"@id\":\"https:\/\/scppstrecno.sk\/#website\"},\"datePublished\":\"2023-09-15T15:08:43+00:00\",\"dateModified\":\"2023-10-09T14:03:58+00:00\",\"description\":\"Nezme\u0161kajte na\u0161e pravideln\u00e9 aktualiz\u00e1cie, ktor\u00e9 v\u00e1m pom\u00f4\u017eu lep\u0161ie porozumie\u0165 r\u00f4znym aspektom va\u0161eho fyzick\u00e9ho a du\u0161evn\u00e9ho zdravia.\",\"breadcrumb\":{\"@id\":\"https:\/\/scppstrecno.sk\/?page_id=67#breadcrumb\"},\"inLanguage\":\"sk-SK\",\"potentialAction\":[{\"@type\":\"ReadAction\",\"target\":[\"https:\/\/scppstrecno.sk\/?page_id=67\"]}]},{\"@type\":\"BreadcrumbList\",\"@id\":\"https:\/\/scppstrecno.sk\/?page_id=67#breadcrumb\",\"itemListElement\":[{\"@type\":\"ListItem\",\"position\":1,\"name\":\"Home\",\"item\":\"https:\/\/scppstrecno.sk\/\"},{\"@type\":\"ListItem\",\"position\":2,\"name\":\"Novinky\"}]},{\"@type\":\"WebSite\",\"@id\":\"https:\/\/scppstrecno.sk\/#website\",\"url\":\"https:\/\/scppstrecno.sk\/\",\"name\":\"scppstrecno.sk\",\"description\":\"\",\"potentialAction\":[{\"@type\":\"SearchAction\",\"target\":{\"@type\":\"EntryPoint\",\"urlTemplate\":\"https:\/\/scppstrecno.sk\/?s={search_term_string}\"},\"query-input\":\"required name=search_term_string\"}],\"inLanguage\":\"sk-SK\"}]}<\/script>\n<!-- \/ Yoast SEO plugin. -->","yoast_head_json":{"title":"Novinky - Centrum Poradenstva a Prevencie Stre\u010dno","description":"Nezme\u0161kajte na\u0161e pravideln\u00e9 aktualiz\u00e1cie, ktor\u00e9 v\u00e1m pom\u00f4\u017eu lep\u0161ie porozumie\u0165 r\u00f4znym aspektom va\u0161eho fyzick\u00e9ho a du\u0161evn\u00e9ho zdravia.","robots":{"index":"index","follow":"follow","max-snippet":"max-snippet:-1","max-image-preview":"max-image-preview:large","max-video-preview":"max-video-preview:-1"},"canonical":"https:\/\/scppstrecno.sk\/?page_id=67","og_locale":"sk_SK","og_type":"article","og_title":"Novinky - Centrum Poradenstva a Prevencie Stre\u010dno","og_description":"Nezme\u0161kajte na\u0161e pravideln\u00e9 aktualiz\u00e1cie, ktor\u00e9 v\u00e1m pom\u00f4\u017eu lep\u0161ie porozumie\u0165 r\u00f4znym aspektom va\u0161eho fyzick\u00e9ho a du\u0161evn\u00e9ho zdravia.","og_url":"https:\/\/scppstrecno.sk\/?page_id=67","og_site_name":"scppstrecno.sk","article_modified_time":"2023-10-09T14:03:58+00:00","twitter_card":"summary_large_image","twitter_misc":{"Predpokladan\u00fd \u010das \u010d\u00edtania":"1 min\u00fata"},"schema":{"@context":"https:\/\/schema.org","@graph":[{"@type":"WebPage","@id":"https:\/\/scppstrecno.sk\/?page_id=67","url":"https:\/\/scppstrecno.sk\/?page_id=67","name":"Novinky - Centrum Poradenstva a Prevencie Stre\u010dno","isPartOf":{"@id":"https:\/\/scppstrecno.sk\/#website"},"datePublished":"2023-09-15T15:08:43+00:00","dateModified":"2023-10-09T14:03:58+00:00","description":"Nezme\u0161kajte na\u0161e pravideln\u00e9 aktualiz\u00e1cie, ktor\u00e9 v\u00e1m pom\u00f4\u017eu lep\u0161ie porozumie\u0165 r\u00f4znym aspektom va\u0161eho fyzick\u00e9ho a du\u0161evn\u00e9ho zdravia.","breadcrumb":{"@id":"https:\/\/scppstrecno.sk\/?page_id=67#breadcrumb"},"inLanguage":"sk-SK","potentialAction":[{"@type":"ReadAction","target":["https:\/\/scppstrecno.sk\/?page_id=67"]}]},{"@type":"BreadcrumbList","@id":"https:\/\/scppstrecno.sk\/?page_id=67#breadcrumb","itemListElement":[{"@type":"ListItem","position":1,"name":"Home","item":"https:\/\/scppstrecno.sk\/"},{"@type":"ListItem","position":2,"name":"Novinky"}]},{"@type":"WebSite","@id":"https:\/\/scppstrecno.sk\/#website","url":"https:\/\/scppstrecno.sk\/","name":"scppstrecno.sk","description":"","potentialAction":[{"@type":"SearchAction","target":{"@type":"EntryPoint","urlTemplate":"https:\/\/scppstrecno.sk\/?s={search_term_string}"},"query-input":"required name=search_term_string"}],"inLanguage":"sk-SK"}]}},"_links":{"self":[{"href":"https:\/\/scppstrecno.sk\/index.php?rest_route=\/wp\/v2\/pages\/67"}],"collection":[{"href":"https:\/\/scppstrecno.sk\/index.php?rest_route=\/wp\/v2\/pages"}],"about":[{"href":"https:\/\/scppstrecno.sk\/index.php?rest_route=\/wp\/v2\/types\/page"}],"author":[{"embeddable":true,"href":"https:\/\/scppstrecno.sk\/index.php?rest_route=\/wp\/v2\/users\/1"}],"replies":[{"embeddable":true,"href":"https:\/\/scppstrecno.sk\/index.php?rest_route=%2Fwp%2Fv2%2Fcomments&post=67"}],"version-history":[{"count":6,"href":"https:\/\/scppstrecno.sk\/index.php?rest_route=\/wp\/v2\/pages\/67\/revisions"}],"predecessor-version":[{"id":1073,"href":"https:\/\/scppstrecno.sk\/index.php?rest_route=\/wp\/v2\/pages\/67\/revisions\/1073"}],"wp:attachment":[{"href":"https:\/\/scppstrecno.sk\/index.php?rest_route=%2Fwp%2Fv2%2Fmedia&parent=67"}],"curies":[{"name":"wp","href":"https:\/\/api.w.org\/{rel}","templated":true}]}}