{"id":56,"date":"2023-09-15T17:03:19","date_gmt":"2023-09-15T15:03:19","guid":{"rendered":"http:\/\/scppstrecno.sk\/?page_id=56"},"modified":"2024-09-04T22:12:07","modified_gmt":"2024-09-04T20:12:07","slug":"o-nas","status":"publish","type":"page","link":"https:\/\/scppstrecno.sk\/?page_id=56","title":{"rendered":"O n\u00e1s"},"content":{"rendered":"<p>[et_pb_section fb_built=&#8220;1&#8243; admin_label=&#8220;Header&#8220; _builder_version=&#8220;4.16&#8243; custom_padding=&#8220;14px||2px|||&#8220; locked=&#8220;off&#8220; global_colors_info=&#8220;{}&#8220;][et_pb_row column_structure=&#8220;3_5,2_5&#8243; _builder_version=&#8220;4.16&#8243; global_colors_info=&#8220;{}&#8220;][et_pb_column type=&#8220;3_5&#8243; _builder_version=&#8220;4.16&#8243; z_index=&#8220;11&#8243; custom_padding=&#8220;120px||||false|false&#8220; custom_padding_tablet=&#8220;0px||||false|false&#8220; custom_padding_phone=&#8220;&#8220; custom_padding_last_edited=&#8220;on|tablet&#8220; global_colors_info=&#8220;{}&#8220;][et_pb_text _builder_version=&#8220;4.22.1&#8243; text_font=&#8220;PT Sans||||||||&#8220; text_font_size=&#8220;18px&#8220; text_line_height=&#8220;2em&#8220; header_font=&#8220;Rubik|500|||||||&#8220; header_text_color=&#8220;#1a3066&#8243; header_font_size=&#8220;54px&#8220; header_line_height=&#8220;1.3em&#8220; text_font_size_tablet=&#8220;16px&#8220; text_font_size_phone=&#8220;14px&#8220; text_font_size_last_edited=&#8220;on|phone&#8220; header_font_size_tablet=&#8220;44px&#8220; header_font_size_phone=&#8220;26px&#8220; header_font_size_last_edited=&#8220;on|phone&#8220; global_colors_info=&#8220;{}&#8220;]<\/p>\n<h1>O n\u00e1s<\/h1>\n<p>Na\u0161ou hlavnou pracovnou n\u00e1pl\u0148ou je poskytova\u0165:<\/p>\n<ul>\n<li>poradensk\u00fa \u010dinnos\u0165, psychologick\u00fa, \u0161peci\u00e1lno-pedagogick\u00fa, logopedick\u00fa \u010dinnos\u0165, soci\u00e1lno-pedagogick\u00fa a soci\u00e1lnu \u010dinnos\u0165 zameran\u00fa na optimaliz\u00e1ciu osobnostn\u00e9ho, intelektu\u00e1lneho, psychick\u00e9ho, soci\u00e1lneho a kari\u00e9rov\u00e9ho v\u00fdvinu det\u00ed od narodenia a\u017e po ukon\u010denie pr\u00edpravy na povolanie.<\/li>\n<li>poradensk\u00fa \u010dinnos\u0165, ktor\u00e1 sa poskytuje aj z\u00e1konn\u00fdm z\u00e1stupcom det\u00ed alebo \u017eiakov, z\u00e1stupcom zariadenia, pedagogick\u00fdm zamestnancom alebo odborn\u00fdm zamestnancom.<\/li>\n<li><span>z\u00e1kladn\u00fa, \u010diastkov\u00fa alebo komplexn\u00fa diagnostiku<\/span><\/li>\n<li>prevenciu<span><\/span><\/li>\n<li>intervenciu<\/li>\n<li>terapiu<\/li>\n<li>reeduk\u00e1ciu<\/li>\n<li>kr\u00edzov\u00fa intervenciu<\/li>\n<li><span>metodick\u00fa \u010dinnos\u0165 a superv\u00edznu \u010dinnos\u0165 pre \u0161kolsk\u00fd podporn\u00fd t\u00edm, pedagogick\u00fdch zamestnancov, odborn\u00fdch zamestnancov a z\u00e1konn\u00fdch z\u00e1stupcov alebo z\u00e1stupcov zariadenia.<\/span>\u00a0<\/li>\n<\/ul>\n<p>Zria\u010fovate\u013eom SCPP Stre\u010dno je In\u0161tit\u00fat zdrav\u00e9ho v\u00fdvinu, Z<span>a z\u00e1hradami 548, 013 24 Stre\u010dno.<\/span><\/p>\n<p>[\/et_pb_text][et_pb_button button_url=&#8220;http:\/\/scppstrecno.sk\/?page_id=69&#8243; button_text=&#8220;Objedna\u0165 Sa&#8220; _builder_version=&#8220;4.22.1&#8243; custom_button=&#8220;on&#8220; button_text_size=&#8220;18px&#8220; button_text_color=&#8220;#FFFFFF&#8220; button_bg_color=&#8220;#0C71C3&#8243; button_border_width=&#8220;0px&#8220; button_border_radius=&#8220;100px&#8220; button_font=&#8220;Rubik|500||on|||||&#8220; button_icon=&#8220;&#xe07e;||divi||400&#8243; custom_padding=&#8220;16px|40px|16px|40px|true|true&#8220; button_text_size_tablet=&#8220;&#8220; button_text_size_phone=&#8220;14px&#8220; button_text_size_last_edited=&#8220;on|phone&#8220; global_colors_info=&#8220;{}&#8220;][\/et_pb_button][\/et_pb_column][et_pb_column type=&#8220;2_5&#8243; _builder_version=&#8220;4.16&#8243; global_colors_info=&#8220;{}&#8220;][\/et_pb_column][\/et_pb_row][et_pb_row column_structure=&#8220;1_3,1_3,1_3&#8243; _builder_version=&#8220;4.22.1&#8243; custom_margin=&#8220;|auto|0px|auto||&#8220; custom_padding=&#8220;||0px|||&#8220; global_colors_info=&#8220;{}&#8220;][et_pb_column type=&#8220;1_3&#8243; _builder_version=&#8220;4.16&#8243; global_colors_info=&#8220;{}&#8220;][\/et_pb_column][et_pb_column type=&#8220;1_3&#8243; _builder_version=&#8220;4.16&#8243; background_enable_color=&#8220;off&#8220; background_enable_image=&#8220;off&#8220; custom_padding=&#8220;|||200px|false|false&#8220; custom_padding_tablet=&#8220;|||0px|false|false&#8220; custom_padding_phone=&#8220;&#8220; custom_padding_last_edited=&#8220;on|phone&#8220; global_colors_info=&#8220;{}&#8220;][et_pb_divider color=&#8220;#6E98F2&#8243; divider_weight=&#8220;8px&#8220; _builder_version=&#8220;4.16&#8243; max_width=&#8220;40px&#8220; locked=&#8220;off&#8220; global_colors_info=&#8220;{}&#8220;][\/et_pb_divider][et_pb_text _builder_version=&#8220;4.22.1&#8243; text_font=&#8220;PT Sans||||||||&#8220; text_font_size=&#8220;16px&#8220; text_line_height=&#8220;2em&#8220; header_font=&#8220;Rubik|500|||||||&#8220; header_text_color=&#8220;#1a3066&#8243; header_font_size=&#8220;54px&#8220; header_line_height=&#8220;1.3em&#8220; header_2_font=&#8220;Rubik|500|||||||&#8220; header_2_text_color=&#8220;#1a3066&#8243; header_2_font_size=&#8220;38px&#8220; header_2_line_height=&#8220;1.3em&#8220; custom_margin=&#8220;|||-65px||&#8220; custom_padding=&#8220;||1px|||&#8220; text_font_size_tablet=&#8220;&#8220; text_font_size_phone=&#8220;14px&#8220; text_font_size_last_edited=&#8220;on|phone&#8220; header_font_size_tablet=&#8220;44px&#8220; header_font_size_phone=&#8220;34px&#8220; header_font_size_last_edited=&#8220;on|phone&#8220; header_2_font_size_tablet=&#8220;30px&#8220; header_2_font_size_phone=&#8220;24px&#8220; header_2_font_size_last_edited=&#8220;on|phone&#8220; locked=&#8220;off&#8220; global_colors_info=&#8220;{}&#8220;]<\/p>\n<h2><\/h2>\n<h2>Kto sme<\/h2>\n<p><strong>Mgr. Aneta Sek\u00e1\u010dov\u00e1, PhD.<br \/><\/strong>soci\u00e1lna pedagogi\u010dka, riadite\u013eka<\/p>\n<p><strong>Mgr. Katar\u00edna Ba\u010furov\u00e1<br \/><\/strong>soci\u00e1lna pedagogi\u010dka, z\u00e1stupky\u0148a riadite\u013eky<\/p>\n<p><strong>Mgr. Ivana Mikulov\u00e1<br \/><\/strong>psychologi\u010dka<\/p>\n<p><strong>PhDr. Andrea Pieronov\u00e1<\/strong><\/p>\n<p>\u0161peci\u00e1lna pedagogi\u010dka<strong><\/strong><\/p>\n<p>&nbsp;<\/p>\n<p>[\/et_pb_text][et_pb_button button_url=&#8220;@ET-DC@eyJkeW5hbWljIjp0cnVlLCJjb250ZW50IjoicG9zdF9saW5rX3VybF9wYWdlIiwic2V0dGluZ3MiOnsicG9zdF9pZCI6IjgxMyJ9fQ==@&#8220; button_text=&#8220;Zisti\u0165 viac&#8220; button_alignment=&#8220;center&#8220; _builder_version=&#8220;4.22.1&#8243; _dynamic_attributes=&#8220;button_url&#8220; _module_preset=&#8220;default&#8220; custom_button=&#8220;on&#8220; button_text_size=&#8220;16px&#8220; button_text_color=&#8220;#FFFFFF&#8220; button_bg_color=&#8220;#eab49f&#8220; button_border_color=&#8220;#eab49f&#8220; button_border_radius=&#8220;100px&#8220; button_letter_spacing=&#8220;0px&#8220; button_font=&#8220;|||on|||||&#8220; button_icon=&#8220;&#xe07e;||divi||400&#8243; custom_margin=&#8220;-41px|||-91px||&#8220; custom_padding=&#8220;|||17px||&#8220; global_colors_info=&#8220;{}&#8220;][\/et_pb_button][\/et_pb_column][et_pb_column type=&#8220;1_3&#8243; _builder_version=&#8220;4.22.1&#8243; _module_preset=&#8220;default&#8220; global_colors_info=&#8220;{}&#8220;][et_pb_text _builder_version=&#8220;4.22.1&#8243; _module_preset=&#8220;default&#8220; custom_padding=&#8220;94px|||||&#8220; global_colors_info=&#8220;{}&#8220;]<\/p>\n<p><strong><\/strong><\/p>\n<p><strong>Mgr. Zuzana Jager\u010d\u00edkov\u00e1<br \/><\/strong>logopedi\u010dka<\/p>\n<p><strong>Mgr. Jana Dejov\u00e1 H\u00e1nov\u00e1<br \/><\/strong>psychologi\u010dka<\/p>\n<p><strong>Mgr. Katar\u00edna Melov\u00e1<br \/><\/strong>\u0161peci\u00e1lna pedagogi\u010dka\u00a0<\/p>\n<p><strong>Bc. Be\u00e1ta Urbancov\u00e1<br \/><\/strong>administrat\u00edvna pracovn\u00ed\u010dka<\/p>\n<p><strong><\/strong><\/p>\n<p><strong><\/strong><\/p>\n<p>[\/et_pb_text][\/et_pb_column][\/et_pb_row][\/et_pb_section][et_pb_section fb_built=&#8220;1&#8243; custom_padding_last_edited=&#8220;on|tablet&#8220; disabled_on=&#8220;on|off|off&#8220; admin_label=&#8220;About&#8220; _builder_version=&#8220;4.16&#8243; background_image=&#8220;http:\/\/scppstrecno.sk\/wp-content\/uploads\/2023\/09\/interpreter-86-1.png&#8220; background_size=&#8220;contain&#8220; background_position=&#8220;bottom_center&#8220; custom_padding=&#8220;12px||12px||true|false&#8220; custom_padding_tablet=&#8220;0px||0px||true|false&#8220; custom_padding_phone=&#8220;&#8220; locked=&#8220;off&#8220; global_colors_info=&#8220;{}&#8220;][\/et_pb_section][et_pb_section fb_built=&#8220;1&#8243; custom_padding_last_edited=&#8220;on|tablet&#8220; disabled_on=&#8220;off|on|on&#8220; admin_label=&#8220;About&#8220; _builder_version=&#8220;4.16&#8243; background_image=&#8220;http:\/\/scppstrecno.sk\/wp-content\/uploads\/2023\/09\/interpreter-86-1.png&#8220; background_size=&#8220;contain&#8220; background_position=&#8220;bottom_center&#8220; custom_padding=&#8220;12px||12px||true|false&#8220; custom_padding_tablet=&#8220;0px||0px||true|false&#8220; custom_padding_phone=&#8220;&#8220; locked=&#8220;off&#8220; global_colors_info=&#8220;{}&#8220;][\/et_pb_section]<\/p>\n","protected":false},"excerpt":{"rendered":"<p>O n\u00e1s Na\u0161ou hlavnou pracovnou n\u00e1pl\u0148ou je poskytova\u0165: poradensk\u00fa \u010dinnos\u0165, psychologick\u00fa, \u0161peci\u00e1lno-pedagogick\u00fa, logopedick\u00fa \u010dinnos\u0165, soci\u00e1lno-pedagogick\u00fa a soci\u00e1lnu \u010dinnos\u0165 zameran\u00fa na optimaliz\u00e1ciu osobnostn\u00e9ho, intelektu\u00e1lneho, psychick\u00e9ho, soci\u00e1lneho a kari\u00e9rov\u00e9ho v\u00fdvinu det\u00ed od narodenia a\u017e po ukon\u010denie pr\u00edpravy na povolanie. poradensk\u00fa \u010dinnos\u0165, ktor\u00e1 sa poskytuje aj z\u00e1konn\u00fdm z\u00e1stupcom det\u00ed alebo \u017eiakov, z\u00e1stupcom zariadenia, pedagogick\u00fdm zamestnancom alebo odborn\u00fdm zamestnancom. [&hellip;]<\/p>\n","protected":false},"author":1,"featured_media":0,"parent":0,"menu_order":0,"comment_status":"closed","ping_status":"closed","template":"","meta":{"_et_pb_use_builder":"on","_et_pb_old_content":"","_et_gb_content_width":"","_monsterinsights_skip_tracking":false,"_monsterinsights_sitenote_active":false,"_monsterinsights_sitenote_note":"","_monsterinsights_sitenote_category":0,"footnotes":""},"yoast_head":"<!-- This site is optimized with the Yoast SEO plugin v21.1 - https:\/\/yoast.com\/wordpress\/plugins\/seo\/ -->\n<title>O n\u00e1s - Centrum Poradenstva a Prevencie Stre\u010dno<\/title>\n<meta name=\"description\" content=\"Venujeme sa poskytovaniu kvalitn\u00e9ho poradenstva a sme hrd\u00ed na na\u0161u misiu. Spolo\u010dne m\u00f4\u017eeme dosiahnu\u0165 pozit\u00edvne zmeny v \u017eivote.\" \/>\n<meta name=\"robots\" content=\"index, follow, max-snippet:-1, max-image-preview:large, max-video-preview:-1\" \/>\n<link rel=\"canonical\" href=\"https:\/\/scppstrecno.sk\/?page_id=56\" \/>\n<meta property=\"og:locale\" content=\"sk_SK\" \/>\n<meta property=\"og:type\" content=\"article\" \/>\n<meta property=\"og:title\" content=\"O n\u00e1s - Centrum Poradenstva a Prevencie Stre\u010dno\" \/>\n<meta property=\"og:description\" content=\"Venujeme sa poskytovaniu kvalitn\u00e9ho poradenstva a sme hrd\u00ed na na\u0161u misiu. Spolo\u010dne m\u00f4\u017eeme dosiahnu\u0165 pozit\u00edvne zmeny v \u017eivote.\" \/>\n<meta property=\"og:url\" content=\"https:\/\/scppstrecno.sk\/?page_id=56\" \/>\n<meta property=\"og:site_name\" content=\"scppstrecno.sk\" \/>\n<meta property=\"article:modified_time\" content=\"2024-09-04T20:12:07+00:00\" \/>\n<meta name=\"twitter:card\" content=\"summary_large_image\" \/>\n<meta name=\"twitter:label1\" content=\"Predpokladan\u00fd \u010das \u010d\u00edtania\" \/>\n\t<meta name=\"twitter:data1\" content=\"3 min\u00faty\" \/>\n<script type=\"application\/ld+json\" class=\"yoast-schema-graph\">{\"@context\":\"https:\/\/schema.org\",\"@graph\":[{\"@type\":\"WebPage\",\"@id\":\"https:\/\/scppstrecno.sk\/?page_id=56\",\"url\":\"https:\/\/scppstrecno.sk\/?page_id=56\",\"name\":\"O n\u00e1s - Centrum Poradenstva a Prevencie Stre\u010dno\",\"isPartOf\":{\"@id\":\"https:\/\/scppstrecno.sk\/#website\"},\"datePublished\":\"2023-09-15T15:03:19+00:00\",\"dateModified\":\"2024-09-04T20:12:07+00:00\",\"description\":\"Venujeme sa poskytovaniu kvalitn\u00e9ho poradenstva a sme hrd\u00ed na na\u0161u misiu. Spolo\u010dne m\u00f4\u017eeme dosiahnu\u0165 pozit\u00edvne zmeny v \u017eivote.\",\"breadcrumb\":{\"@id\":\"https:\/\/scppstrecno.sk\/?page_id=56#breadcrumb\"},\"inLanguage\":\"sk-SK\",\"potentialAction\":[{\"@type\":\"ReadAction\",\"target\":[\"https:\/\/scppstrecno.sk\/?page_id=56\"]}]},{\"@type\":\"BreadcrumbList\",\"@id\":\"https:\/\/scppstrecno.sk\/?page_id=56#breadcrumb\",\"itemListElement\":[{\"@type\":\"ListItem\",\"position\":1,\"name\":\"Home\",\"item\":\"https:\/\/scppstrecno.sk\/\"},{\"@type\":\"ListItem\",\"position\":2,\"name\":\"O n\u00e1s\"}]},{\"@type\":\"WebSite\",\"@id\":\"https:\/\/scppstrecno.sk\/#website\",\"url\":\"https:\/\/scppstrecno.sk\/\",\"name\":\"scppstrecno.sk\",\"description\":\"\",\"potentialAction\":[{\"@type\":\"SearchAction\",\"target\":{\"@type\":\"EntryPoint\",\"urlTemplate\":\"https:\/\/scppstrecno.sk\/?s={search_term_string}\"},\"query-input\":\"required name=search_term_string\"}],\"inLanguage\":\"sk-SK\"}]}<\/script>\n<!-- \/ Yoast SEO plugin. -->","yoast_head_json":{"title":"O n\u00e1s - Centrum Poradenstva a Prevencie Stre\u010dno","description":"Venujeme sa poskytovaniu kvalitn\u00e9ho poradenstva a sme hrd\u00ed na na\u0161u misiu. Spolo\u010dne m\u00f4\u017eeme dosiahnu\u0165 pozit\u00edvne zmeny v \u017eivote.","robots":{"index":"index","follow":"follow","max-snippet":"max-snippet:-1","max-image-preview":"max-image-preview:large","max-video-preview":"max-video-preview:-1"},"canonical":"https:\/\/scppstrecno.sk\/?page_id=56","og_locale":"sk_SK","og_type":"article","og_title":"O n\u00e1s - Centrum Poradenstva a Prevencie Stre\u010dno","og_description":"Venujeme sa poskytovaniu kvalitn\u00e9ho poradenstva a sme hrd\u00ed na na\u0161u misiu. Spolo\u010dne m\u00f4\u017eeme dosiahnu\u0165 pozit\u00edvne zmeny v \u017eivote.","og_url":"https:\/\/scppstrecno.sk\/?page_id=56","og_site_name":"scppstrecno.sk","article_modified_time":"2024-09-04T20:12:07+00:00","twitter_card":"summary_large_image","twitter_misc":{"Predpokladan\u00fd \u010das \u010d\u00edtania":"3 min\u00faty"},"schema":{"@context":"https:\/\/schema.org","@graph":[{"@type":"WebPage","@id":"https:\/\/scppstrecno.sk\/?page_id=56","url":"https:\/\/scppstrecno.sk\/?page_id=56","name":"O n\u00e1s - Centrum Poradenstva a Prevencie Stre\u010dno","isPartOf":{"@id":"https:\/\/scppstrecno.sk\/#website"},"datePublished":"2023-09-15T15:03:19+00:00","dateModified":"2024-09-04T20:12:07+00:00","description":"Venujeme sa poskytovaniu kvalitn\u00e9ho poradenstva a sme hrd\u00ed na na\u0161u misiu. Spolo\u010dne m\u00f4\u017eeme dosiahnu\u0165 pozit\u00edvne zmeny v \u017eivote.","breadcrumb":{"@id":"https:\/\/scppstrecno.sk\/?page_id=56#breadcrumb"},"inLanguage":"sk-SK","potentialAction":[{"@type":"ReadAction","target":["https:\/\/scppstrecno.sk\/?page_id=56"]}]},{"@type":"BreadcrumbList","@id":"https:\/\/scppstrecno.sk\/?page_id=56#breadcrumb","itemListElement":[{"@type":"ListItem","position":1,"name":"Home","item":"https:\/\/scppstrecno.sk\/"},{"@type":"ListItem","position":2,"name":"O n\u00e1s"}]},{"@type":"WebSite","@id":"https:\/\/scppstrecno.sk\/#website","url":"https:\/\/scppstrecno.sk\/","name":"scppstrecno.sk","description":"","potentialAction":[{"@type":"SearchAction","target":{"@type":"EntryPoint","urlTemplate":"https:\/\/scppstrecno.sk\/?s={search_term_string}"},"query-input":"required name=search_term_string"}],"inLanguage":"sk-SK"}]}},"_links":{"self":[{"href":"https:\/\/scppstrecno.sk\/index.php?rest_route=\/wp\/v2\/pages\/56"}],"collection":[{"href":"https:\/\/scppstrecno.sk\/index.php?rest_route=\/wp\/v2\/pages"}],"about":[{"href":"https:\/\/scppstrecno.sk\/index.php?rest_route=\/wp\/v2\/types\/page"}],"author":[{"embeddable":true,"href":"https:\/\/scppstrecno.sk\/index.php?rest_route=\/wp\/v2\/users\/1"}],"replies":[{"embeddable":true,"href":"https:\/\/scppstrecno.sk\/index.php?rest_route=%2Fwp%2Fv2%2Fcomments&post=56"}],"version-history":[{"count":5,"href":"https:\/\/scppstrecno.sk\/index.php?rest_route=\/wp\/v2\/pages\/56\/revisions"}],"predecessor-version":[{"id":1217,"href":"https:\/\/scppstrecno.sk\/index.php?rest_route=\/wp\/v2\/pages\/56\/revisions\/1217"}],"wp:attachment":[{"href":"https:\/\/scppstrecno.sk\/index.php?rest_route=%2Fwp%2Fv2%2Fmedia&parent=56"}],"curies":[{"name":"wp","href":"https:\/\/api.w.org\/{rel}","templated":true}]}}